{"id":734,"date":"2015-06-19T18:15:37","date_gmt":"2015-06-19T18:15:37","guid":{"rendered":"http:\/\/teste2023.bvsalud.org\/portal-lis\/?post_type=page&amp;p=734"},"modified":"2015-06-19T18:15:37","modified_gmt":"2015-06-19T18:15:37","slug":"temas-de-alta-prioridad","status":"publish","type":"page","link":"https:\/\/teste2023.bvsalud.org\/portal-lis\/es\/temas-de-alta-prioridad\/","title":{"rendered":"Temas de Alta Prioridad"},"content":{"rendered":"<p><a href=\"http:\/\/teste2023.bvsalud.org\/portal-lis\/lis-search\/?q=%28mh%3A%22universal+coverage%22+or+mh%3A%22equity+in+health%22%29+or+%28%28%22Health+Inequalities%22+or+%22Right+to+Health%22+or+%22Health+Coverage%22+or+%22cobertura+universal+de+saude%22+or+%22Social+Health+Insurance%22+or+%22national+Health+Insurance%22+or+%22State+Health+Plans%22+or+%22Health+policy%22+or+%22National+Health+Programs%22+or+%22health+care%22+or+%22health+services%22+or+%22universal+coverage%22+or+%22health+systems%22+or+%22health+systems%22+or+%22equity+in+health%22+or+%22servi%C3%A7os+de+saude%22+or+%22atencao+primaria+a+saude%22+or+%22assistencia+a+saude%22+or+%22politica+de+saude%22+or+%22sistemas+de+saude%22+or+%22equidade+em+saude%22+or+%22Programas+Nacionais+de+Sa%C3%BAde%22+or+%22Assist%C3%AAncia+Integral+%C3%A0+Sa%C3%BAde%22+or+%22Pol%C3%ADticas+P%C3%BAblicas+de+Sa%C3%BAde%22+or+%22Direito+%C3%A0+Sa%C3%BAde%22+or+%22Desigualdades+em+Sa%C3%BAde%22+or+%22Servicios+de+Salud%22+or+%22Atenci%C3%B3n+Primaria+de+Salud%22+or+%22Servicios+de+Salud%22+or+%22Pol%C3%ADtica+de+Salud%22+or+%22atencion+de+salud%22+or+%22Programas+Nacionales+de+Salud%22+or+%22Sistemas+de+Salud%22+or+%22Equidad+en+Salud%22+or+%22Atenci%C3%B3n+Integral+de+Salud%22+or+%22Pol%C3%ADticas+P%C3%BAblicas+de+Salud%22+or+%22Derecho+a+la+Salud%22+or+%22Desigualdades+en+la+Salud%22%29+%28universal%24+or+acess%24+or+acces%24+or+disparit%24+or+desigualdad%24+or+inequidad%24+or+inequalit%24+or+diferenc%24+or+differenc%24+or+equidad%24%29%29\" target=\"_blank\">Cobertura Universal de Salud<\/a><\/p>\n<p><a href=\"http:\/\/teste2023.bvsalud.org\/portal-lis\/en\/lis-search\/?q=%28mh%3A%22Acidente+Vascular+Cerebral%22+or+mh%3A%22Anormalidades+Congenitas%22+or+mh%3A%22Artrite+Reumatoide%22+or+mh%3AAsma+or+mh%3AAterosclerose+or+mh%3ABronquite+or+mh%3A%22Cardiopatias+Congenitas%22+or+mh%3A%22Diabetes+Mellitus%22+or+mh%3A%22Diabetes+Mellitus+Tipo+1%22+or+mh%3A%22Diabetes+Mellitus+Tipo+2%22+or+mh%3A%22Distrofias+Musculares%22+or+mh%3A%22Doenca+Cronica%22+or+mh%3A%22Doenca+de+Alzheimer%22+or+mh%3A%22Doenca+de+Parkinson%22+or+mh%3A%22Doenca+Pulmonar+Obstrutiva+Cronica%22+or+mh%3A%22Doencas+Cardiovasculares%22+or+mh%3A%22Doencas+Neurodegenerativas%22+or+mh%3A%22Doencas+Reumaticas%22+or+mh%3AEncefalite+or+mh%3A%22Encefalopatia+Espongiforme+Bovina%22+or+mh%3A%22Enfisema+Pulmonar%22+or+mh%3AHiperlipidemias+or+mh%3AHipertensao+or+mh%3A%22Infarto+do+Miocardio%22+or+mh%3A%22Insuficiencia+Cardiaca%22+or+mh%3A%22Isquemia+Miocardica%22+or+mh%3ANeoplasias+or+mh%3AObesidade+or+mh%3AOsteoartrite+or+mh%3AOsteoporose+or+mh%3A%22Osteoporose+Pos-Menopausa%22+or+mh%3A%22Sindrome+de+Down%22+or+mh%3A%22Sindrome+Hemolitico-Uremica%22+or+mh%3A%22Sindrome+X+Metabolica%22+or+mh%3ASobrepeso+or+mh%3A%22Transtornos+Cerebrovasculares%22+or+mh%3AC18.654.726.500%24+or+mh%3AC18.452.394.750%24+or+mh%3AC04%24+or+mh%3AC08%24+or+mh%3AC14%24%29+or+%28ti%3ADiabetes+or+ti%3Aobesidad%24+or+ti%3Aobesit%24+or+ti%3Acancer+or+ti%3Aneoplasi%24+or+ti%3A%22doencas+respirat%C3%B3rias%22+or+ti%3A%22doencas+cardiovasculares%22+or+ti%3A%22Cardiovascular+Diseases%22+or+ti%3A%22Enfermedades+Cardiovasculares%22+or+ti%3A%22cardiovascular+disease%22+or+ti%3A%22Respiratory+Tract+Diseases%22+or+ti%3A%22Respiratory+Diseases%22+or+ti%3A%22respiratory+system+disease%22+or+ti%3A%22respiratory+system+diseases%22+or+ti%3A%22respiratory+disorder%22+or+ti%3A%22respiratory+disorders%22%29+and+not+%28mh%3AANIMAIS+or+mh%3ABOVINOS+or+mh%3ACAES+or+mh%3ACAMUNDONGOS+or+mh%3ACOBAIAS+or+mh%3ACOELHOS+or+mh%3AGATOS+or+mh%3AOVINOS+or+mh%3ARATOS+or+mh%3ASUINOS%29\" target=\"_blank\">Enfermedades no transmisibles<\/a><\/p>\n<p><a href=\"http:\/\/teste2023.bvsalud.org\/portal-lis\/en\/lis-search\/?q=%28mh%3A%22+Sa%C3%BAde+Global%22+or+mh%3A%22Global+health%22+or+mh%3A%22salud+global%22%29+or+%28mh%3A%22Vigil%C3%A2ncia+Epidemiol%C3%B3gica%22+or+mh%3A%22+Epidemiological+Surveillance+%22+or+mh%3A%22Vigilancia+Epidemiol%C3%B3gica%22%29+or+%28mh%3A%22Controle+de+Doen%C3%A7as+Transmiss%C3%ADveis%22+or+mh%3A%22Communicable+Disease+Control%22+or+mh%3A%22Control+de+Enfermedades+Transmisibles%22%29+or+%28mh%3A%22Control+of+Communicable+Diseases%22+or+mh%3A%22Control+de+Enfermedades+Transmisibles%22%29+or+%28mh%3A%22Brotes+de+Enfermedades%22+or+mh%3A%22Surtos+de+Doen%C3%A7as%22+or+mh%3A%22Disease+Outbreaks+%22+or+mh%3A%22Doen%C3%A7as+Transmiss%C3%ADveis%22+or+mh%3A%22Enfermedades+Transmissibles%22+or%22+Communicable+Diseases%22%29+or+%28mh%3A%22Emerg%C3%AAncias+em+Desastres%22+or+mh%3A%22+Disaster+Emergencies%E2%80%9D+or+mh%3A%E2%80%9DEmergencias+en+Desastres%22%29+or+%28mh%3A%E2%80%9DEpidemiology%E2%80%9D+or+mh%3A+%E2%80%9CEpidemiologia%E2%80%9D%29+or+%28mh%3A+%E2%80%9CMedicina+de+Viagem%E2%80%9D+or+mh%3A+%E2%80%9CMedicina+del+Viajero%E2%80%9D+or+mh%3A%E2%80%9DTravel+Medicine%E2%80%9D%29+or+%28mh%3A%E2%80%9DMigra%C3%A7%C3%A3o+Internacional%E2%80%9D+or+mh%3A%E2%80%9CMigraci%C3%B3n+Internacional%E2%80%9D+or+mh%3A%E2%80%9CEmigration+and+Immigration%E2%80%9D%29+or+%28mh%3A%E2%80%9D+Regulamento+Sanit%C3%A1rio+Internacional%E2%80%9D+or+mh%3A%E2%80%9DReglamento+Sanitario+Internacional%E2%80%9D+or+mh%3A%E2%80%9DInternational+Health+Regulations%E2%80%9D%29+or+%28mh%3A%E2%80%9DCertificado+Internacional+de+Vacina%C3%A7%C3%A3o+ou+Profilaxia%E2%80%9D+or+mh%3A%E2%80%9DCertificado+Internacional+de+Vacunaci%C3%B3n+o+Profilaxis%E2%80%9D+or+mh%3A%E2%80%9DInternational+Certificate+of+Vaccination+or+Prophylaxis%E2%80%9D%29\" target=\"_blank\">La Salud Mundial<\/a><\/p>\n<p><a href=\"http:\/\/teste2023.bvsalud.org\/portal-lis\/es\/lis-search\/?lang=es&amp;home_url=http%3A%2F%2Fbvsalud.org%2Fportal-lis&amp;home_text=Portal+LIS&amp;q=%28%22Modalidades+Alimentares%22+or+%22Ingestao+de+Alimentos%22+or+%22Inocuidade+dos+Alimentos%22+or+%22Inqu%C3%A9ritos+nutricionais%22+or+%22Inspecao+de+alimentos%22+or+%22Qualidade+dos+Alimentos%22+or+%22Tabela+de+Composicao+de+Alimentos%22+or+%22Transtornos+da+Alimentacao%22+or+%22Recomendacoes+Nutricionais%22+or+%22Alimentos+para+Gestantes+e+Nutrizes%22+or+%22Apoio+Nutricional%22+or+%22Deficiencias+Nutricionais%22+or+%22Educacao+Alimentar+e+Nutricional%22+or+%22Estado+Nutricional%22+or+%22Informacao+Nutricional%22+or+%22Necessidades+Nutricionais%22+or+%22Nutricao+do+Lactente%22+or+%22Nutricao+da+Crianca%22+or+%22Nutricao+do+Adolescente%22+or+%22Nutricao+Materna%22+or+%22Nutricao+do+Idoso%22+or+%22Nutricao+Pre+Natal%22+or+%22Nutricao+de+Grupos+de+Risco%22+or+%22Terapia+Nutricional%22+or+%22Transtornos+Nutricionais%22%29+or+%28%28ti%3AAlimenta%24+or+ti%3AAlimento%24+or+ti%3Afood+or+ti%3AEating+or+ti%3Anutricion%24+or+ti%3Anutricao+or+ti%3ANutrition%24+or+ti%3Adieta+or+ti%3Adiet+or+ti%3Adietas+or+ti%3Adiets+or+ti%3Aingesta+or+ti%3Adietary%29+and+%28safety+or+seguran%C3%A7a+or+inocuidade+or+inspecao+or+inspecoes+or+inspecci%C3%B3n%24+or+inspection%24+or+qualidade+or+calidad+or+quality+or+composic%24+or+transtorno%24+or+trastorno%24+or+disorder%24+or+ingesta%24+or+inquerito%24+or+encuesta%24+or+survey%24+or+recomenda%24+or+recommend%24+or+gestante+or+nutriz%24+or+embaraz%24+or+nodriz%24+or+pregnant%24+or+breastfeed%24+or+mother%24+or+gravid%24+or+materna%24+or+amamentacao+or+aleitamento+or+apoio+or+Apoyo+or+Support+or+terapia+or+therapy+or+%22pre+natal%22+or+prenatal+or+idoso+or+elderly+or+adolescen%24+or+child+or+nino+or+crianca+or+lactente+or+lactante+or+infant+or+estado+or+status+or+educ%24+or+deficienc%24+or+enfermedad%24+or+orienta%24+or+reeduc%24+or+Retraining%24+or+Reentrena%24%29%29&amp;submit=Buscar\" target=\"_blank\">Alimentaci\u00f3n y nutrici\u00f3n<\/a><\/p>\n<p><a href=\"http:\/\/teste2023.bvsalud.org\/portal-lis\/lis-search\/?q=%28mh%3An02.370%24+or+mh%3AN04.590.233.727%24+or+mh%3AN04.590.233%24+or+mh%3AN02.421.143.827%24+or+mh%3AN05.300.450%24+or+mh%3AN04.590.374.350%24+or+mh%3AH02.403.720.750+or+tw%3A%22atencao+primaria+a+saude%22+or+tw%3A%22atencion+primaria+a+la+salud%22+or+tw%3A%22primary+health+care%22+or+tw%3A%22promocion+de+la+salud%22+or+tw%3A%22promocao+da+saude%22+or+tw%3A%22health+promotion%22+or+tw%3A%22servicos+preventivos%22+or+tw%3A%22servicios+preventivos%22+or+tw%3A%22preventive+health+services%22+or+tw%3A%22atencao+basica%22+or+ti%3Aprevencao+or+ti%3Apreventi%24+or+ti%3Aprevencion+or+tw%3A%22prevencao+primaria%22+or+tw%3AImmuniza%24+or+tw%3AInmuniza%24+or+tw%3AImuniza%24+or+tw%3AVacina%24+or+tw%3AVaccin%24+or+tw%3Avacuna%24+or+tw%3A%22educacao+em+saude%22+or+tw%3A%22educacion+en+salud%22+or+tw%3A%22health+education%22+or+%28%28tw%3Apreventi%24+or+tw%3Aprevencao+or+tw%3Apromotion+or+tw%3Apromocion+or+tw%3Apromocao+or+tw%3Acuidado%24+or+tw%3Acare+or+tw%3Aatencion+or+tw%3Aatencao+or+tw%3Ahealthcare+or+tw%3Aatendimento+or+tw%3Aassistencia+or+tw%3Aeducacao+or+tw%3Aeducacion+or+tw%3Aeducation%29+and+%28tw%3Asanitar%24+or+tw%3Asalud+or+tw%3Asaude+or+tw%3Ahealth+or+ti%3Aintegral+or+ti%3Aintegrated+or+tw%3Aprimaria+or+tw%3Abasico+or+tw%3Abasica+or+tw%3Acomprehensive+or+tw%3Amedicina%29%29%29\" target=\"_blank\">Promoci\u00f3n de la salud<\/a><\/p>\n<p><a href=\"http:\/\/teste2023.bvsalud.org\/portal-lis\/lis-search\/?lang=pt&amp;home_url=http%3A%2F%2Fbvsalud.org%2Fportal-lis&amp;home_text=Portal+LIS&amp;q=Sistemas+e+pol%C3%ADticas+de+sa%C3%BAde&amp;submit=Pesquisar\" target=\"_blank\">Sistemas y pol\u00edticas de salud<\/a><\/p>\n<p><a href=\"http:\/\/teste2023.bvsalud.org\/portal-lis\/es\/lis-search\/?q=%22Sa%C3%BAde+dos+povos+ind%C3%ADgenas%22+or+%28%28indio%24+or+indium+or+indigena%24+or+indigeno%24+or+indians%29+and+%28health+or+salud+or+saude+or+sanitar%24+or+%22medicina+tradicional%22+or+%22traditional+medicine%22+or+medicin%24%29%29\" target=\"_blank\">Salud de Los Pueblos Ind\u00edgenas<\/a><\/p>\n","protected":false},"excerpt":{"rendered":"<p>Cobertura Universal de Salud Enfermedades no transmisibles La Salud Mundial Alimentaci\u00f3n y nutrici\u00f3n Promoci\u00f3n de la salud Sistemas y pol\u00edticas de salud Salud de Los Pueblos Ind\u00edgenas<\/p>\n","protected":false},"author":10,"featured_media":0,"parent":0,"menu_order":0,"comment_status":"closed","ping_status":"open","template":"","meta":{"_acf_changed":false,"_monsterinsights_skip_tracking":false,"_monsterinsights_sitenote_active":false,"_monsterinsights_sitenote_note":"","_monsterinsights_sitenote_category":0,"footnotes":"","_links_to":"","_links_to_target":""},"class_list":["post-734","page","type-page","status-publish","hentry"],"acf":[],"_links":{"self":[{"href":"https:\/\/teste2023.bvsalud.org\/portal-lis\/wp-json\/wp\/v2\/pages\/734"}],"collection":[{"href":"https:\/\/teste2023.bvsalud.org\/portal-lis\/wp-json\/wp\/v2\/pages"}],"about":[{"href":"https:\/\/teste2023.bvsalud.org\/portal-lis\/wp-json\/wp\/v2\/types\/page"}],"author":[{"embeddable":true,"href":"https:\/\/teste2023.bvsalud.org\/portal-lis\/wp-json\/wp\/v2\/users\/10"}],"replies":[{"embeddable":true,"href":"https:\/\/teste2023.bvsalud.org\/portal-lis\/wp-json\/wp\/v2\/comments?post=734"}],"version-history":[{"count":1,"href":"https:\/\/teste2023.bvsalud.org\/portal-lis\/wp-json\/wp\/v2\/pages\/734\/revisions"}],"predecessor-version":[{"id":3759,"href":"https:\/\/teste2023.bvsalud.org\/portal-lis\/wp-json\/wp\/v2\/pages\/734\/revisions\/3759"}],"wp:attachment":[{"href":"https:\/\/teste2023.bvsalud.org\/portal-lis\/wp-json\/wp\/v2\/media?parent=734"}],"curies":[{"name":"wp","href":"https:\/\/api.w.org\/{rel}","templated":true}]}}