{"id":217,"date":"2014-07-28T19:46:48","date_gmt":"2014-07-28T19:46:48","guid":{"rendered":"http:\/\/teste2023.bvsalud.org\/portal-lis\/?post_type=page&#038;p=217"},"modified":"2017-03-17T12:12:18","modified_gmt":"2017-03-17T12:12:18","slug":"referencia-3","status":"publish","type":"page","link":"https:\/\/teste2023.bvsalud.org\/portal-lis\/es\/referencia-3\/","title":{"rendered":"Referencia"},"content":{"rendered":"<p><a href=\"http:\/\/teste2023.bvsalud.org\/portal-lis\/lis-search\/?q=atlas\">Atlas<\/a><br \/>\n<a href=\"http:\/\/teste2023.bvsalud.org\/portal-lis\/lis-search\/?q=source_type%3Abibliography\">Bibliograf\u00eda<\/a><br \/>\n<a href=\"http:\/\/teste2023.bvsalud.org\/portal-lis\/lis-search\/?q=source_type%3Avirtual_library\">Biblioteca virtual<\/a><br \/>\n<a href=\"http:\/\/teste2023.bvsalud.org\/portal-lis\/lis-search\/?q=source_type%3Ainformation_centers\">Centros de informaci\u00f3n<\/a><br \/>\n<a href=\"http:\/\/teste2023.bvsalud.org\/portal-lis\/lis-search\/?q=dicion%C3%A1rios\">Diccionarios y glosarios<\/a><br \/>\n<a href=\"http:\/\/teste2023.bvsalud.org\/portal-lis\/lis-search\/?q=source_type%3Adirectories_info_sources\">Directorios &#8211; fuentes de informaci\u00f3n<\/a><br \/>\n<a href=\"http:\/\/teste2023.bvsalud.org\/portal-lis\/lis-search\/?q=source_type%3Adirectories_institutional\">Directorios &#8211; institucional<\/a><br \/>\n<a href=\"http:\/\/teste2023.bvsalud.org\/portal-lis\/lis-search\/?q=source_type%3Adirectories_personal\">Directorios &#8211; personal<\/a><br \/>\n<a href=\"http:\/\/teste2023.bvsalud.org\/portal-lis\/lis-search\/?q=source_type%3Adirectories_projects\">Directorio &#8211; proyectos<\/a><br \/>\n<a href=\"http:\/\/teste2023.bvsalud.org\/portal-lis\/lis-search\/?q=enciclop%C3%A9dias\">Enciclopedias<\/a><br \/>\n<a href=\"http:\/\/teste2023.bvsalud.org\/portal-lis\/lis-search\/?q=source_type%3Avirtual_hospital\">Hospital Virtual<\/a><br \/>\n<a href=\"http:\/\/teste2023.bvsalud.org\/portal-lis\/lis-search\/?q=minist%C3%A9rios+da+sa%C3%BAde\">Ministerios de la Salud<br \/>\n<\/a><\/p>\n<ul>\n<li><a href=\"http:\/\/teste2023.bvsalud.org\/portal-lis\/lis-search\/resource\/2960\">Argentina<\/a><\/li>\n<li><a href=\"http:\/\/teste2023.bvsalud.org\/portal-lis\/lis-search\/resource\/1708\">Belize<\/a><\/li>\n<li><a href=\"http:\/\/teste2023.bvsalud.org\/portal-lis\/lis-search\/resource\/1710\">Bolivia<\/a><\/li>\n<li><a href=\"http:\/\/teste2023.bvsalud.org\/portal-lis\/lis-search\/resource\/23619\">Brasil<\/a><\/li>\n<li><a href=\"http:\/\/teste2023.bvsalud.org\/portal-lis\/lis-search\/resource\/1695#.U9eVRtKkqT0\">Chile<\/a><\/li>\n<li><a href=\"http:\/\/teste2023.bvsalud.org\/portal-lis\/lis-search\/resource\/1697#.U9eWa9KkqT0\">Colombia<\/a><\/li>\n<li><a href=\"http:\/\/teste2023.bvsalud.org\/portal-lis\/lis-search\/resource\/23620#.U9eXXdKkqT0\">Costa Rica<\/a><\/li>\n<li><a href=\"http:\/\/teste2023.bvsalud.org\/portal-lis\/lis-search\/resource\/7654\">Cuba<\/a><\/li>\n<li><a href=\"http:\/\/teste2023.bvsalud.org\/portal-lis\/lis-search\/resource\/29594#.U9f8sNKkqT0\">Ecuador<\/a><\/li>\n<li><a href=\"http:\/\/teste2023.bvsalud.org\/portal-lis\/lis-search\/resource\/29595#.U9j25NKkqT0\">El Salvador<\/a><\/li>\n<li><a href=\"http:\/\/teste2023.bvsalud.org\/portal-lis\/lis-search\/resource\/6841#.U9eZqNKkqT0\">Guatemala<\/a><\/li>\n<li><a href=\"http:\/\/teste2023.bvsalud.org\/portal-lis\/lis-search\/resource\/10137#.U9ebrdKkqT1\">Guyana<\/a><\/li>\n<li><a href=\"http:\/\/teste2023.bvsalud.org\/portal-lis\/lis-search\/resource\/29596#.U9j6E9KkqT0\">Honduras<\/a><\/li>\n<li><a href=\"http:\/\/teste2023.bvsalud.org\/portal-lis\/lis-search\/resource\/6842#.U9ecvtKkqT0\">Jamaica<\/a><\/li>\n<li><a href=\"http:\/\/teste2023.bvsalud.org\/portal-lis\/lis-search\/resource\/23624#.U9egOdKkqT0\">M\u00e9xico<\/a><\/li>\n<li><a href=\"http:\/\/teste2023.bvsalud.org\/portal-lis\/lis-search\/resource\/10136#.U9eg8tKkqT0\">Panam\u00e1<\/a><\/li>\n<li><a href=\"http:\/\/teste2023.bvsalud.org\/portal-lis\/lis-search\/resource\/29597#.U9j8I9KkqT0\">Paraguay<\/a><\/li>\n<li><a href=\"http:\/\/teste2023.bvsalud.org\/portal-lis\/lis-search\/resource\/1701#.U9ehUtKkqT0\">Per\u00fa<\/a><\/li>\n<li><a href=\"http:\/\/teste2023.bvsalud.org\/portal-lis\/lis-search\/resource\/29598#.U9kCztKkqT0\">Puerto Rico<\/a><\/li>\n<li><a href=\"http:\/\/teste2023.bvsalud.org\/portal-lis\/lis-search\/resource\/9437#.U9ejttKkqT0\">Trinidad y Tobago<\/a><\/li>\n<li><a href=\"http:\/\/teste2023.bvsalud.org\/portal-lis\/lis-search\/resource\/29599#.U9kEitKkqT0\">Uruguay<\/a><\/li>\n<li><a href=\"http:\/\/teste2023.bvsalud.org\/portal-lis\/lis-search\/resource\/23742#.U9el2tKkqT0\">Venezuela<\/a><\/li>\n<\/ul>\n<p><a href=\"http:\/\/teste2023.bvsalud.org\/portal-lis\/lis-search\/resource\/1759#.U9amxtKkqT0\">OMS<\/a><\/p>\n<ul>\n<li><a href=\"http:\/\/teste2023.bvsalud.org\/portal-lis\/lis-search\/?q=id%3A%28main.resource.1760+or+main.resource.1761+or+main.resource.1762+or+main.resource.1763+or+main.resource.1764+or+main.resource.1765+or+main.resource.5925+or+main.resource.760%29\">Oficinas Regionales<\/a><\/li>\n<li><a href=\"http:\/\/teste2023.bvsalud.org\/portal-lis\/lis-search\/?q=id%3A%28main.resource.1528+or+main.resource.17+or+main.resource.2162+or+main.resource.3817+or+main.resource.2478+or+main.resource.2842+or+main.resource.2898+or+main.resource.2908%29\">Centros y programas OMS<\/a><\/li>\n<\/ul>\n<p><a href=\"http:\/\/teste2023.bvsalud.org\/portal-lis\/lis-search\/resource\/760#.U9am-dKkqT0\">OPS<\/a><\/p>\n<ul>\n<li><a href=\"http:\/\/teste2023.bvsalud.org\/portal-lis\/lis-search\/?q=id%3A%28main.resource.763+or+main.resource.774+or+main.resource.1732+or+main.resource.20198+or+main.resource.20190+or+main.resource.20185+or+main.resource.1731+or+main.resource.1734+or+main.resource.20192+or+main.resource.20193+or+main.resource.763+or+main.resource.1738+or+main.resource.2964+or+main.resource.2965+or+main.resource.1731+or+main.resource.2962+or+main.resource.5992+or+main.resource.2967+or+main.resource.5407+or+main.resource.10264+or+main.resource.1748+or+main.resource.774+or+main.resource.1733+or+main.resource.2971+or+main.resource.784+or+main.resource.2972+or+main.resource.1735+or+main.resource.10265+or+main.resource.2973+or+main.resource.1737+or+main.resource.1733%29\">Oficinas en los pa\u00edses<\/a><\/li>\n<li><a href=\"http:\/\/teste2023.bvsalud.org\/portal-lis\/lis-search\/?q=id%3A%28main.resource.2981+or+main.resource.1739+or+main.resource.1087+or+main.resource.10266+or+main.resource.1740+or+main.resource.747+or+main.resource.1741+or+main.resource.1747+or+main.resource.10267+or+main.resource.3772+or+main.resource.1749%29\">Centros y programas OPS<\/a><\/li>\n<\/ul>\n<p><a href=\"http:\/\/teste2023.bvsalud.org\/portal-lis\/lis-search\/?q=sociedades\">Sociedades<\/a><br \/>\n<a href=\"http:\/\/teste2023.bvsalud.org\/portal-lis\/lis-search\/?q=terminologia\">Terminolog\u00eda<\/a><br \/>\n<a href=\"http:\/\/teste2023.bvsalud.org\/portal-lis\/lis-search\/?q=universidades\">Universidades<\/a><br \/>\n<a href=\"http:\/\/teste2023.bvsalud.org\/portal-lis\/lis-search\/?q=source_type%3Aguides_manuals\">Gu\u00edas, manuales, orientaciones de uso<\/a><br \/>\n<a href=\"http:\/\/teste2023.bvsalud.org\/portal-lis\/lis-search\/?q=source_type%3Adatabases_facts\">Base de datos &#8211; factual<\/a><br \/>\n<a href=\"http:\/\/teste2023.bvsalud.org\/portal-lis\/lis-search\/?q=source_type%3Adatabases_numerical\">Base de datos &#8211; num\u00e9rica en salud<\/a><br \/>\n<a href=\"http:\/\/teste2023.bvsalud.org\/portal-lis\/lis-search\/?q=source_type%3Adatabases_gene_sequences\">Base de datos &#8211; secuencias gen\u00e9ticas<\/a><br \/>\n<a href=\"http:\/\/teste2023.bvsalud.org\/portal-lis\/lis-search\/?q=source_type%3Adatabases_chem_substances\">Base de datos &#8211; substancias qu\u00edmicas<\/a><br \/>\n<a href=\"http:\/\/teste2023.bvsalud.org\/portal-lis\/lis-search\/?q=source_type%3Adatabases_terminology\">Base de datos &#8211; terminol\u00f3gica<\/a><br \/>\n<a href=\"http:\/\/teste2023.bvsalud.org\/portal-lis\/lis-search\/?q=source_type%3Adatabases_full_text\">Base de datos &#8211; texto completo<\/a><br \/>\n<a href=\"http:\/\/teste2023.bvsalud.org\/portal-lis\/lis-search\/?q=source_type%3Abibliography\">Base de datos &#8211; bibliogr\u00e1fica<\/a><\/p>\n","protected":false},"excerpt":{"rendered":"<p>Atlas Bibliograf\u00eda Biblioteca virtual Centros de informaci\u00f3n Diccionarios y glosarios Directorios &#8211; fuentes de informaci\u00f3n Directorios &#8211; institucional Directorios &#8211; personal Directorio &#8211; proyectos Enciclopedias Hospital Virtual Ministerios de la Salud Argentina Belize Bolivia Brasil Chile Colombia Costa Rica Cuba Ecuador El Salvador Guatemala Guyana Honduras Jamaica M\u00e9xico Panam\u00e1 Paraguay Per\u00fa Puerto Rico Trinidad y [&hellip;]<\/p>\n","protected":false},"author":9,"featured_media":0,"parent":0,"menu_order":0,"comment_status":"closed","ping_status":"closed","template":"","meta":{"_acf_changed":false,"_monsterinsights_skip_tracking":false,"_monsterinsights_sitenote_active":false,"_monsterinsights_sitenote_note":"","_monsterinsights_sitenote_category":0,"footnotes":"","_links_to":"","_links_to_target":""},"class_list":["post-217","page","type-page","status-publish","hentry"],"acf":[],"_links":{"self":[{"href":"https:\/\/teste2023.bvsalud.org\/portal-lis\/wp-json\/wp\/v2\/pages\/217"}],"collection":[{"href":"https:\/\/teste2023.bvsalud.org\/portal-lis\/wp-json\/wp\/v2\/pages"}],"about":[{"href":"https:\/\/teste2023.bvsalud.org\/portal-lis\/wp-json\/wp\/v2\/types\/page"}],"author":[{"embeddable":true,"href":"https:\/\/teste2023.bvsalud.org\/portal-lis\/wp-json\/wp\/v2\/users\/9"}],"replies":[{"embeddable":true,"href":"https:\/\/teste2023.bvsalud.org\/portal-lis\/wp-json\/wp\/v2\/comments?post=217"}],"version-history":[{"count":1,"href":"https:\/\/teste2023.bvsalud.org\/portal-lis\/wp-json\/wp\/v2\/pages\/217\/revisions"}],"predecessor-version":[{"id":1890,"href":"https:\/\/teste2023.bvsalud.org\/portal-lis\/wp-json\/wp\/v2\/pages\/217\/revisions\/1890"}],"wp:attachment":[{"href":"https:\/\/teste2023.bvsalud.org\/portal-lis\/wp-json\/wp\/v2\/media?parent=217"}],"curies":[{"name":"wp","href":"https:\/\/api.w.org\/{rel}","templated":true}]}}