{"id":179,"date":"2014-07-28T19:46:48","date_gmt":"2014-07-28T19:46:48","guid":{"rendered":"http:\/\/teste2023.bvsalud.org\/portal-lis\/?page_id=179"},"modified":"2023-10-31T18:26:43","modified_gmt":"2023-10-31T18:26:43","slug":"referencia","status":"publish","type":"page","link":"https:\/\/teste2023.bvsalud.org\/portal-lis\/referencia\/","title":{"rendered":"Refer\u00eancia"},"content":{"rendered":"<p><a href=\"http:\/\/teste2023.bvsalud.org\/portal-lis\/lis-search\/?q=atlas\">Atlas<\/a><br \/>\n<a href=\"http:\/\/teste2023.bvsalud.org\/portal-lis\/lis-search\/?q=source_type%3Abibliography\">Bibliografia<\/a><br \/>\n<a href=\"http:\/\/teste2023.bvsalud.org\/portal-lis\/lis-search\/?q=source_type%3Avirtual_library\">Biblioteca virtual<\/a><br \/>\n<a href=\"http:\/\/teste2023.bvsalud.org\/portal-lis\/lis-search\/?q=source_type%3Ainformation_centers\">Centros de informa\u00e7\u00e3o<\/a><br \/>\n<a href=\"http:\/\/teste2023.bvsalud.org\/portal-lis\/lis-search\/?q=dicion%C3%A1rios\">Dicion\u00e1rios e gloss\u00e1rios<\/a><br \/>\n<a href=\"http:\/\/teste2023.bvsalud.org\/portal-lis\/lis-search\/?q=source_type%3Adirectories_info_sources\">Diret\u00f3rio &#8211; fontes de informa\u00e7\u00e3o<\/a><br \/>\n<a href=\"http:\/\/teste2023.bvsalud.org\/portal-lis\/lis-search\/?q=source_type%3Adirectories_institutional\">Diret\u00f3rio &#8211; institucional<\/a><br \/>\n<a href=\"http:\/\/teste2023.bvsalud.org\/portal-lis\/lis-search\/?q=source_type%3Adirectories_personal\">Diret\u00f3rio &#8211; pessoal<\/a><br \/>\n<a href=\"http:\/\/teste2023.bvsalud.org\/portal-lis\/lis-search\/?q=source_type%3Adirectories_projects\">Diret\u00f3rio &#8211; projetos<\/a><br \/>\n<a href=\"http:\/\/teste2023.bvsalud.org\/portal-lis\/lis-search\/?q=enciclop%C3%A9dias\">Enciclop\u00e9dias<\/a><br \/>\n<a href=\"http:\/\/teste2023.bvsalud.org\/portal-lis\/lis-search\/?q=source_type%3Avirtual_hospital\" target=\"_blank\" rel=\"noopener noreferrer\">Hospital Virtual<\/a><br \/>\n<a href=\"http:\/\/teste2023.bvsalud.org\/portal-lis\/lis-search\/?q=minist%C3%A9rios+da+sa%C3%BAde\">Minist\u00e9rios da Sa\u00fade<br \/>\n<\/a><\/p>\n<ul>\n<li><a href=\"https:\/\/teste2023.bvsalud.org\/portal-lis\/lis-search\/resource\/?id=2960\" target=\"_blank\" rel=\"noopener noreferrer\">Argentina<\/a><\/li>\n<li><a href=\"https:\/\/teste2023.bvsalud.org\/portal-lis\/lis-search\/resource\/?id=1708\" target=\"_blank\" rel=\"noopener noreferrer\">Belize<\/a><\/li>\n<li><a href=\"https:\/\/teste2023.bvsalud.org\/portal-lis\/lis-search\/resource\/?id=1710\" target=\"_blank\" rel=\"noopener noreferrer\">Bol\u00edvia<\/a><\/li>\n<li><a href=\"https:\/\/teste2023.bvsalud.org\/portal-lis\/lis-search\/resource\/?id=23619\" target=\"_blank\" rel=\"noopener noreferrer\">Brasil<\/a><\/li>\n<li><a href=\"https:\/\/teste2023.bvsalud.org\/portal-lis\/lis-search\/resource\/?id=1695\" target=\"_blank\" rel=\"noopener noreferrer\">Chile<\/a><\/li>\n<li><a href=\"https:\/\/teste2023.bvsalud.org\/portal-lis\/lis-search\/resource\/?id=1697\" target=\"_blank\" rel=\"noopener noreferrer\">Col\u00f4mbia<\/a><\/li>\n<li><a href=\"https:\/\/teste2023.bvsalud.org\/portal-lis\/lis-search\/resource\/?id=23620\" target=\"_blank\" rel=\"noopener noreferrer\">Costa Rica<\/a><\/li>\n<li><a href=\"https:\/\/teste2023.bvsalud.org\/portal-lis\/lis-search\/resource\/?id=7654\" target=\"_blank\" rel=\"noopener noreferrer\">Cuba<\/a><\/li>\n<li><a href=\"https:\/\/teste2023.bvsalud.org\/portal-lis\/lis-search\/resource\/?id=29594\" target=\"_blank\" rel=\"noopener noreferrer\">Equador<\/a><\/li>\n<li><a href=\"https:\/\/teste2023.bvsalud.org\/portal-lis\/lis-search\/resource\/?id=29595\" target=\"_blank\" rel=\"noopener noreferrer\">El Salvador<\/a><\/li>\n<li><a href=\"https:\/\/teste2023.bvsalud.org\/portal-lis\/lis-search\/resource\/?id=2979\" target=\"_blank\" rel=\"noopener noreferrer\">Guatemala<\/a><\/li>\n<li><a href=\"https:\/\/teste2023.bvsalud.org\/portal-lis\/lis-search\/resource\/?id=10137\" target=\"_blank\" rel=\"noopener noreferrer\">Guyana<\/a><\/li>\n<li><a href=\"https:\/\/teste2023.bvsalud.org\/portal-lis\/lis-search\/resource\/?id=29596\" target=\"_blank\" rel=\"noopener noreferrer\">Honduras<\/a><\/li>\n<li><a href=\"https:\/\/teste2023.bvsalud.org\/portal-lis\/lis-search\/resource\/?id=6842\" target=\"_blank\" rel=\"noopener noreferrer\">Jamaica<\/a><\/li>\n<li><a href=\"https:\/\/teste2023.bvsalud.org\/portal-lis\/lis-search\/resource\/?id=23624\" target=\"_blank\" rel=\"noopener noreferrer\">M\u00e9xico<\/a><\/li>\n<li><a href=\"https:\/\/teste2023.bvsalud.org\/portal-lis\/lis-search\/resource\/?id=10136\" target=\"_blank\" rel=\"noopener noreferrer\">Panam\u00e1<\/a><\/li>\n<li><a href=\"https:\/\/teste2023.bvsalud.org\/portal-lis\/lis-search\/resource\/?id=29597\" target=\"_blank\" rel=\"noopener noreferrer\">Paraguai<\/a><\/li>\n<li><a href=\"https:\/\/teste2023.bvsalud.org\/portal-lis\/lis-search\/resource\/?id=1701\" target=\"_blank\" rel=\"noopener noreferrer\">Peru<\/a><\/li>\n<li><a href=\"https:\/\/teste2023.bvsalud.org\/portal-lis\/lis-search\/resource\/?id=29598\" target=\"_blank\" rel=\"noopener noreferrer\">Porto Rico<\/a><\/li>\n<li><a href=\"https:\/\/teste2023.bvsalud.org\/portal-lis\/lis-search\/resource\/?id=9437\" target=\"_blank\" rel=\"noopener noreferrer\">Trinidad &amp; Tobago<\/a><\/li>\n<li><a href=\"https:\/\/teste2023.bvsalud.org\/portal-lis\/lis-search\/resource\/?id=29599\" target=\"_blank\" rel=\"noopener noreferrer\">Uruguai<\/a><\/li>\n<li><a href=\"https:\/\/teste2023.bvsalud.org\/portal-lis\/lis-search\/resource\/?id=23742\" target=\"_blank\" rel=\"noopener noreferrer\">Venezuela<\/a><\/li>\n<\/ul>\n<p><a href=\"https:\/\/teste2023.bvsalud.org\/portal-lis\/lis-search\/resource\/?id=1759\" target=\"_blank\" rel=\"noopener noreferrer\">OMS<\/a><\/p>\n<ul>\n<li><a href=\"http:\/\/teste2023.bvsalud.org\/portal-lis\/lis-search\/?q=id%3A%28main.resource.1760+or+main.resource.1761+or+main.resource.1762+or+main.resource.1763+or+main.resource.1764+or+main.resource.1765+or+main.resource.5925+or+main.resource.760%29\">Escrit\u00f3rios Regionais<\/a><\/li>\n<li><a href=\"http:\/\/teste2023.bvsalud.org\/portal-lis\/lis-search\/?q=id%3A%28main.resource.1528+or+main.resource.17+or+main.resource.2162+or+main.resource.3817+or+main.resource.2478+or+main.resource.2842+or+main.resource.2898+or+main.resource.2908%29\">Centros e programas OMS<\/a><\/li>\n<\/ul>\n<p><a href=\"https:\/\/teste2023.bvsalud.org\/portal-lis\/lis-search\/resource\/?id=760\" target=\"_blank\" rel=\"noopener noreferrer\">OPAS<\/a><\/p>\n<ul>\n<li><a href=\"http:\/\/teste2023.bvsalud.org\/portal-lis\/lis-search\/?q=id%3A%28main.resource.763+or+main.resource.774+or+main.resource.1732+or+main.resource.20198+or+main.resource.20190+or+main.resource.20185+or+main.resource.1731+or+main.resource.1734+or+main.resource.20192+or+main.resource.20193+or+main.resource.763+or+main.resource.1738+or+main.resource.2964+or+main.resource.2965+or+main.resource.1731+or+main.resource.2962+or+main.resource.5992+or+main.resource.2967+or+main.resource.5407+or+main.resource.10264+or+main.resource.1748+or+main.resource.774+or+main.resource.1733+or+main.resource.2971+or+main.resource.784+or+main.resource.2972+or+main.resource.1735+or+main.resource.10265+or+main.resource.2973+or+main.resource.1737+or+main.resource.1733%29\">Representa\u00e7\u00f5es nos pa\u00edses<\/a><\/li>\n<li><a href=\"http:\/\/teste2023.bvsalud.org\/portal-lis\/lis-search\/?q=id%3A%28main.resource.2981+or+main.resource.1739+or+main.resource.1087+or+main.resource.10266+or+main.resource.1740+or+main.resource.747+or+main.resource.1741+or+main.resource.1747+or+main.resource.10267+or+main.resource.3772+or+main.resource.1749%29\">Centros e programas OPAS<\/a><\/li>\n<\/ul>\n<p><a href=\"http:\/\/teste2023.bvsalud.org\/portal-lis\/lis-search\/?q=sociedades\">Sociedades<\/a><br \/>\n<a href=\"http:\/\/teste2023.bvsalud.org\/portal-lis\/lis-search\/?q=terminologia\">Terminologia<\/a><br \/>\n<a href=\"http:\/\/teste2023.bvsalud.org\/portal-lis\/lis-search\/?q=universidades\">Universidades<\/a><br \/>\n<a href=\"http:\/\/teste2023.bvsalud.org\/portal-lis\/lis-search\/?q=source_type%3Aguides_manuals\">Guias, manuais, orienta\u00e7\u00f5es de uso<\/a><br \/>\n<a href=\"http:\/\/teste2023.bvsalud.org\/portal-lis\/lis-search\/?q=source_type%3Adatabases_facts\">Base de dados &#8211; factual<\/a><br \/>\n<a href=\"http:\/\/teste2023.bvsalud.org\/portal-lis\/lis-search\/?q=source_type%3Adatabases_numerical\">Base de dados &#8211; num\u00e9rica em sa\u00fade<\/a><br \/>\n<a href=\"http:\/\/teste2023.bvsalud.org\/portal-lis\/lis-search\/?q=source_type%3Adatabases_gene_sequences\">Base de dados &#8211; seq\u00fc\u00eancias gen\u00e9ticas<\/a><br \/>\n<a href=\"http:\/\/teste2023.bvsalud.org\/portal-lis\/lis-search\/?q=source_type%3Adatabases_chem_substances\">Base de dados &#8211; subst\u00e2ncias qu\u00edmicas<\/a><br \/>\n<a href=\"http:\/\/teste2023.bvsalud.org\/portal-lis\/lis-search\/?q=source_type%3Adatabases_terminology\">Base de dados &#8211; terminologia<\/a><br \/>\n<a href=\"http:\/\/teste2023.bvsalud.org\/portal-lis\/lis-search\/?q=source_type%3Adatabases_full_text\">Base de dados &#8211; texto completo<\/a><br \/>\n<a href=\"http:\/\/teste2023.bvsalud.org\/portal-lis\/lis-search\/?q=source_type%3Abibliography\">Base de dados \u2013 Bibliogr\u00e1fica<\/a><\/p>\n","protected":false},"excerpt":{"rendered":"<p>Atlas Bibliografia Biblioteca virtual Centros de informa\u00e7\u00e3o Dicion\u00e1rios e gloss\u00e1rios Diret\u00f3rio &#8211; fontes de informa\u00e7\u00e3o Diret\u00f3rio &#8211; institucional Diret\u00f3rio &#8211; pessoal Diret\u00f3rio &#8211; projetos Enciclop\u00e9dias Hospital Virtual Minist\u00e9rios da Sa\u00fade Argentina Belize Bol\u00edvia Brasil Chile Col\u00f4mbia Costa Rica Cuba Equador El Salvador Guatemala Guyana Honduras Jamaica M\u00e9xico Panam\u00e1 Paraguai Peru Porto Rico Trinidad &amp; Tobago [&hellip;]<\/p>\n","protected":false},"author":9,"featured_media":0,"parent":0,"menu_order":0,"comment_status":"closed","ping_status":"closed","template":"","meta":{"_acf_changed":false,"_monsterinsights_skip_tracking":false,"_monsterinsights_sitenote_active":false,"_monsterinsights_sitenote_note":"","_monsterinsights_sitenote_category":0,"footnotes":"","_links_to":"","_links_to_target":""},"class_list":["post-179","page","type-page","status-publish","hentry"],"acf":[],"_links":{"self":[{"href":"https:\/\/teste2023.bvsalud.org\/portal-lis\/wp-json\/wp\/v2\/pages\/179"}],"collection":[{"href":"https:\/\/teste2023.bvsalud.org\/portal-lis\/wp-json\/wp\/v2\/pages"}],"about":[{"href":"https:\/\/teste2023.bvsalud.org\/portal-lis\/wp-json\/wp\/v2\/types\/page"}],"author":[{"embeddable":true,"href":"https:\/\/teste2023.bvsalud.org\/portal-lis\/wp-json\/wp\/v2\/users\/9"}],"replies":[{"embeddable":true,"href":"https:\/\/teste2023.bvsalud.org\/portal-lis\/wp-json\/wp\/v2\/comments?post=179"}],"version-history":[{"count":30,"href":"https:\/\/teste2023.bvsalud.org\/portal-lis\/wp-json\/wp\/v2\/pages\/179\/revisions"}],"predecessor-version":[{"id":4214,"href":"https:\/\/teste2023.bvsalud.org\/portal-lis\/wp-json\/wp\/v2\/pages\/179\/revisions\/4214"}],"wp:attachment":[{"href":"https:\/\/teste2023.bvsalud.org\/portal-lis\/wp-json\/wp\/v2\/media?parent=179"}],"curies":[{"name":"wp","href":"https:\/\/api.w.org\/{rel}","templated":true}]}}